{"id":48,"date":"2019-07-25T16:10:51","date_gmt":"2019-07-25T16:10:51","guid":{"rendered":"https:\/\/sspas.org.sv\/sspas\/?page_id=48"},"modified":"2019-11-15T21:40:04","modified_gmt":"2019-11-15T21:40:04","slug":"oep","status":"publish","type":"page","link":"https:\/\/sspas.org.sv\/sspas\/oep\/","title":{"rendered":"Organizaci\u00f3n y Educaci\u00f3n para la Paz (OEP)"},"content":{"rendered":"<p>[et_pb_section fb_built=\u00bb1&#8243; next_background_color=\u00bb#ffffff\u00bb admin_label=\u00bbHero Section\u00bb _builder_version=\u00bb3.29.3&#8243; use_background_color_gradient=\u00bbon\u00bb background_color_gradient_start=\u00bbrgba(0,0,0,0.4)\u00bb background_color_gradient_end=\u00bbrgba(0,0,0,0.4)\u00bb background_color_gradient_overlays_image=\u00bbon\u00bb background_image=\u00bbhttps:\/\/sspas.org.sv\/sspas\/wp-content\/uploads\/2019\/08\/quienes-somos-1.jpg\u00bb parallax=\u00bbon\u00bb custom_padding=\u00bb9.7%||0%|||\u00bb bottom_divider_style=\u00bbslant\u00bb bottom_divider_height=\u00bb60px\u00bb fb_built=\u00bb1&#8243; background_color_gradient_direction__hover=\u00bb180deg\u00bb background_color_gradient_direction__hover_enabled=\u00bb180deg\u00bb background_color_gradient_start_position__hover=\u00bb0%\u00bb background_color_gradient_start_position__hover_enabled=\u00bb0%\u00bb background_color_gradient_end_position__hover=\u00bb100%\u00bb background_color_gradient_end_position__hover_enabled=\u00bb100%\u00bb _i=\u00bb0&#8243; _address=\u00bb0&#8243;][et_pb_row admin_label=\u00bbPage Title Area\u00bb _builder_version=\u00bb3.25&#8243; _i=\u00bb0&#8243; _address=\u00bb0.0&#8243;][et_pb_column type=\u00bb4_4&#8243; _builder_version=\u00bb3.25&#8243; custom_padding=\u00bb|||\u00bb custom_padding__hover=\u00bb|||\u00bb _i=\u00bb0&#8243; _address=\u00bb0.0.0&#8243;][et_pb_text admin_label=\u00bbHero Section Title\u00bb _builder_version=\u00bb3.27.4&#8243; text_font_size=\u00bb37px\u00bb text_line_height=\u00bb1em\u00bb header_font=\u00bbRoboto|600||on|||||\u00bb header_font_size=\u00bb50px\u00bb header_letter_spacing=\u00bb3px\u00bb header_line_height=\u00bb1.1em\u00bb header_2_font=\u00bbRoboto|700|||||||\u00bb header_2_text_color=\u00bbrgba(255,255,255,0.6)\u00bb header_2_font_size=\u00bb90px\u00bb header_2_letter_spacing=\u00bb3px\u00bb header_2_line_height=\u00bb1.1em\u00bb text_orientation=\u00bbcenter\u00bb background_layout=\u00bbdark\u00bb max_width=\u00bb700px\u00bb module_alignment=\u00bbcenter\u00bb custom_margin=\u00bb|||\u00bb custom_padding=\u00bb||0px|||\u00bb animation_style=\u00bbfade\u00bb animation_direction=\u00bbbottom\u00bb header_font_size_phone=\u00bb28px\u00bb header_font_size_last_edited=\u00bbon|phone\u00bb header_2_font_size_phone=\u00bb50px\u00bb header_2_font_size_last_edited=\u00bbon|phone\u00bb _i=\u00bb0&#8243; _address=\u00bb0.0.0.0&#8243;]<\/p>\n<p>PROGRAMA<\/p>\n<h1>organizaci\u00f3n y educaci\u00f3n para la paz<\/h1>\n<p>&nbsp;<\/p>\n<p>&nbsp;<\/p>\n<p>[\/et_pb_text][\/et_pb_column][\/et_pb_row][\/et_pb_section][et_pb_section fb_built=\u00bb1&#8243; admin_label=\u00bbAbout Me Section\u00bb _builder_version=\u00bb3.22&#8243; min_height=\u00bb966px\u00bb custom_padding=\u00bb134px||69px|||\u00bb fb_built=\u00bb1&#8243; _i=\u00bb1&#8243; _address=\u00bb1&#8243;][et_pb_row column_structure=\u00bb3_5,2_5&#8243; admin_label=\u00bbAbout Me Area\u00bb _builder_version=\u00bb3.25&#8243; custom_margin=\u00bb-61px|auto||auto||\u00bb _i=\u00bb0&#8243; _address=\u00bb1.0&#8243;][et_pb_column type=\u00bb3_5&#8243; _builder_version=\u00bb3.25&#8243; custom_padding=\u00bb|||\u00bb custom_padding__hover=\u00bb|||\u00bb _i=\u00bb0&#8243; _address=\u00bb1.0.0&#8243;][et_pb_text admin_label=\u00bbTitle\u00bb _builder_version=\u00bb3.27.4&#8243; text_font=\u00bb||||||||\u00bb header_2_font=\u00bbRoboto|600||on|||||\u00bb custom_margin=\u00bb|60px|5px|||\u00bb _i=\u00bb0&#8243; _address=\u00bb1.0.0.0&#8243;]<\/p>\n<h2><span data-contrast=\"auto\" class=\"TextRun SCXW121364344 BCX0\" xml:lang=\"ES-SV\" lang=\"ES-SV\"><span class=\"NormalTextRun SCXW121364344 BCX0\">ORGANIZACI\u00d3N Y <\/span><\/span><\/h2>\n<h2><span data-contrast=\"auto\" class=\"TextRun SCXW121364344 BCX0\" xml:lang=\"ES-SV\" lang=\"ES-SV\"><span class=\"NormalTextRun SCXW121364344 BCX0\">EDUCACI\u00d3N <\/span><\/span><span data-contrast=\"auto\" class=\"TextRun SCXW121364344 BCX0\" xml:lang=\"ES-SV\" lang=\"ES-SV\"><span class=\"NormalTextRun SCXW121364344 BCX0\">PARA LA PAZ (OEP)<\/span><\/span><span class=\"EOP SCXW121364344 BCX0\" data-ccp-props=\"{&quot;201341983&quot;:0,&quot;335551550&quot;:6,&quot;335551620&quot;:6,&quot;335559739&quot;:160,&quot;335559740&quot;:480}\">\u00a0<\/span><\/h2>\n<p>[\/et_pb_text][et_pb_text _builder_version=\u00bb3.27.4&#8243; text_font=\u00bbRoboto|300|||||||\u00bb text_font_size=\u00bb16px\u00bb text_line_height=\u00bb1.8em\u00bb header_font=\u00bb||||||||\u00bb text_orientation=\u00bbjustify\u00bb max_width=\u00bb90%\u00bb custom_margin=\u00bb|||\u00bb animation_style=\u00bbflip\u00bb animation_direction=\u00bbleft\u00bb animation_intensity_flip=\u00bb30%\u00bb text_text_align=\u00bbjustify\u00bb _i=\u00bb1&#8243; _address=\u00bb1.0.0.1&#8243;]<\/p>\n<p><span style=\"font-size: 16px;\">El Programa de Organizaci\u00f3n y Educaci\u00f3n para la Paz (OEP), es el responsable de desarrollar la estrategia de SSPAS a nivel territorial, a trav\u00e9s del acompa\u00f1amiento a estructuras comunitarias de ni\u00f1as, ni\u00f1os, adolescentes, j\u00f3venes y mujeres j\u00f3venes, aplicando los enfoques que institucionalmente tenemos: G\u00e9nero, Cultura de Paz, Derechos Humanos.<\/span><\/p>\n<div>La labor del programa se centra en trabajar desde los derechos a una Vida Libre de Violencias, a la Organizaci\u00f3n y Participaci\u00f3n, y al\u00a0 Respeto a la integridad y trato con dignidad. Para ello, promovemos espacios de sensibilizaci\u00f3n, formaci\u00f3n y organizaci\u00f3n de la poblaci\u00f3n meta, para que desde ellas, puedan adquirir las herramientas que les ayudar\u00e1n a ser sujetas de los cambios que demandan ante las personas e instancias encargadas de garantizarles sus derechos.<\/div>\n<div>\n<div>Nuestras acciones van dirigidas a dos \u00e1mbitos:<\/div>\n<div>\u00c1mbito comunitario:\u00a0<span style=\"font-size: 16px;\">Se trabaja con la poblaci\u00f3n meta en sus comunidades de vida, siempre el \u00e9nfasis es la organizaci\u00f3n y la participaci\u00f3n, a trav\u00e9s de acciones propias como estructura o articulando con estructuras organizativas de personas adultas, de ni\u00f1ez, adolescencia o juventud, con el objetivo de promover el respeto a sus\u00a0 derechos, en la comunidad y la demanda de garant\u00eda de sus derechos ante las instancias del Estado correspondientes.<\/span><\/div>\n<div>En centros educativos:\u00a0<span style=\"font-size: 16px;\">Se trabaja con la poblaci\u00f3n meta en sus centros educativos, en este espacio se acompa\u00f1an procesos con el fin de mejorar la convivencia escolar, promover la participaci\u00f3n de las y los estudiantes, y la promoci\u00f3n del respeto a sus derechos ante la comunidad educativa, demandar la garant\u00eda de los mismos ante instancias del Estado, con \u00e9nfasis en el Ministerio de Educaci\u00f3n.<\/span><\/div>\n<\/div>\n<div><\/div>\n<div><\/div>\n<div><\/div>\n<div><\/div>\n<p>[\/et_pb_text][\/et_pb_column][et_pb_column type=\u00bb2_5&#8243; _builder_version=\u00bb3.25&#8243; custom_padding=\u00bb|||\u00bb custom_padding__hover=\u00bb|||\u00bb _i=\u00bb1&#8243; _address=\u00bb1.0.1&#8243;][et_pb_blurb title=\u00bbObjetivo\u00bb image=\u00bbhttps:\/\/sspas.org.sv\/sspas\/wp-content\/uploads\/2019\/08\/IMG_4082.jpg\u00bb _builder_version=\u00bb3.26.6&#8243; header_font=\u00bbRoboto||||||||\u00bb header_text_color=\u00bb#243061&#8243; body_font=\u00bbRoboto||||||||\u00bb _i=\u00bb0&#8243; _address=\u00bb1.0.1.0&#8243;]<\/p>\n<p><span data-contrast=\"auto\" class=\"TextRun  BCX0 SCXW259054293\" xml:lang=\"ES-SV\" lang=\"ES-SV\"><span class=\"NormalTextRun  BCX0 SCXW259054293\">Contribuir en la educaci\u00f3n, sensibilizaci\u00f3n y organizaci\u00f3n especialmente de mujeres, j\u00f3venes, ni\u00f1os y ni\u00f1as.<\/span><\/span><\/p>\n<p>[\/et_pb_blurb][\/et_pb_column][\/et_pb_row][\/et_pb_section][et_pb_section fb_built=\u00bb1&#8243; admin_label=\u00bbAbout Me Section\u00bb _builder_version=\u00bb3.22&#8243; min_height=\u00bb705px\u00bb custom_margin=\u00bb-312px||-2px|||\u00bb custom_padding=\u00bb134px||0px|||\u00bb fb_built=\u00bb1&#8243; _i=\u00bb2&#8243; _address=\u00bb2&#8243;][et_pb_row column_structure=\u00bb1_5,1_5,1_5,1_5,1_5&#8243; admin_label=\u00bbAbout Me Area\u00bb _builder_version=\u00bb3.25&#8243; min_height=\u00bb305px\u00bb custom_margin=\u00bb26px|auto||auto||\u00bb custom_padding=\u00bb82px|||||\u00bb _i=\u00bb0&#8243; _address=\u00bb2.0&#8243;][et_pb_column type=\u00bb1_5&#8243; _builder_version=\u00bb3.25&#8243; custom_padding=\u00bb|||\u00bb custom_padding__hover=\u00bb|||\u00bb _i=\u00bb0&#8243; _address=\u00bb2.0.0&#8243;][et_pb_number_counter title=\u00bbCOMUNIDADES (2019)\u00bb number=\u00bb9&#8243; percent_sign=\u00bboff\u00bb _builder_version=\u00bb3.29.3&#8243; title_font=\u00bbRoboto||||||||\u00bb title_text_color=\u00bb#666666&#8243; number_font=\u00bbRoboto|600|||||||\u00bb number_font_size=\u00bb48px\u00bb number_line_height=\u00bb100px\u00bb background_color=\u00bb#ffffff\u00bb min_height=\u00bb203px\u00bb custom_margin=\u00bb||53px|||\u00bb custom_padding=\u00bb10px||30px|\u00bb animation_style=\u00bbslide\u00bb animation_direction=\u00bbleft\u00bb animation_intensity_slide=\u00bb20%\u00bb animation_starting_opacity=\u00bb100%\u00bb border_radii=\u00bbon|3px|3px|3px|3px\u00bb border_color_all=\u00bb#6eb632&#8243; border_width_left=\u00bb6px\u00bb box_shadow_style=\u00bbpreset2&#8243; box_shadow_horizontal=\u00bb0px\u00bb box_shadow_vertical=\u00bb7px\u00bb box_shadow_blur=\u00bb23px\u00bb box_shadow_color=\u00bbrgba(0,0,0,0.05)\u00bb _i=\u00bb0&#8243; _address=\u00bb2.0.0.0&#8243;][\/et_pb_number_counter][\/et_pb_column][et_pb_column type=\u00bb1_5&#8243; _builder_version=\u00bb3.25&#8243; custom_padding=\u00bb|||\u00bb custom_padding__hover=\u00bb|||\u00bb _i=\u00bb1&#8243; _address=\u00bb2.0.1&#8243;][et_pb_number_counter title=\u00bbNI\u00d1AS BENEFICIADAS (2019)\u00bb number=\u00bb84&#8243; percent_sign=\u00bboff\u00bb _builder_version=\u00bb3.29.3&#8243; title_font=\u00bbRoboto||||||||\u00bb title_text_color=\u00bb#666666&#8243; number_font=\u00bbRoboto|600|||||||\u00bb number_font_size=\u00bb48px\u00bb number_line_height=\u00bb100px\u00bb background_color=\u00bb#ffffff\u00bb min_height=\u00bb202px\u00bb custom_padding=\u00bb10px||30px|\u00bb animation_style=\u00bbslide\u00bb animation_direction=\u00bbbottom\u00bb animation_intensity_slide=\u00bb20%\u00bb animation_starting_opacity=\u00bb100%\u00bb border_radii=\u00bbon|3px|3px|3px|3px\u00bb border_width_left=\u00bb6px\u00bb border_color_left=\u00bb#6eb632&#8243; box_shadow_style=\u00bbpreset2&#8243; box_shadow_horizontal=\u00bb0px\u00bb box_shadow_vertical=\u00bb7px\u00bb box_shadow_blur=\u00bb23px\u00bb box_shadow_color=\u00bbrgba(0,0,0,0.05)\u00bb _i=\u00bb0&#8243; _address=\u00bb2.0.1.0&#8243;][\/et_pb_number_counter][\/et_pb_column][et_pb_column type=\u00bb1_5&#8243; _builder_version=\u00bb3.25&#8243; custom_padding=\u00bb|||\u00bb custom_padding__hover=\u00bb|||\u00bb _i=\u00bb2&#8243; _address=\u00bb2.0.2&#8243;][et_pb_number_counter title=\u00bbNI\u00d1OS BENEFICIADOS (2019)\u00bb number=\u00bb80&#8243; percent_sign=\u00bboff\u00bb _builder_version=\u00bb3.29.3&#8243; title_font=\u00bbRoboto||||||||\u00bb title_text_color=\u00bb#666666&#8243; number_font=\u00bbRoboto|600|||||||\u00bb number_font_size=\u00bb48px\u00bb number_line_height=\u00bb100px\u00bb background_color=\u00bb#ffffff\u00bb min_height=\u00bb200px\u00bb custom_margin=\u00bb||22px|||\u00bb custom_padding=\u00bb10px||30px|\u00bb animation_style=\u00bbslide\u00bb animation_direction=\u00bbtop\u00bb animation_intensity_slide=\u00bb20%\u00bb animation_starting_opacity=\u00bb100%\u00bb border_radii=\u00bbon|3px|3px|3px|3px\u00bb border_width_left=\u00bb6px\u00bb border_color_left=\u00bb#6eb632&#8243; box_shadow_style=\u00bbpreset2&#8243; box_shadow_horizontal=\u00bb0px\u00bb box_shadow_vertical=\u00bb7px\u00bb box_shadow_blur=\u00bb23px\u00bb box_shadow_color=\u00bbrgba(0,0,0,0.05)\u00bb _i=\u00bb0&#8243; _address=\u00bb2.0.2.0&#8243;][\/et_pb_number_counter][\/et_pb_column][et_pb_column type=\u00bb1_5&#8243; _builder_version=\u00bb3.25&#8243; custom_padding=\u00bb|||\u00bb custom_padding__hover=\u00bb|||\u00bb _i=\u00bb3&#8243; _address=\u00bb2.0.3&#8243;][et_pb_number_counter title=\u00bbTRABAJO CON GOBIERNOS LOCALES (2019)\u00bb number=\u00bb2&#8243; percent_sign=\u00bboff\u00bb _builder_version=\u00bb3.29.3&#8243; title_font=\u00bbRoboto||||||||\u00bb title_text_color=\u00bb#666666&#8243; number_font=\u00bbRoboto|600|||||||\u00bb number_font_size=\u00bb48px\u00bb number_line_height=\u00bb100px\u00bb background_color=\u00bb#ffffff\u00bb custom_padding=\u00bb10px||30px|\u00bb animation_style=\u00bbslide\u00bb animation_direction=\u00bbright\u00bb animation_intensity_slide=\u00bb20%\u00bb animation_starting_opacity=\u00bb100%\u00bb border_radii=\u00bbon|3px|3px|3px|3px\u00bb border_width_left=\u00bb6px\u00bb border_color_left=\u00bb#6eb632&#8243; box_shadow_style=\u00bbpreset2&#8243; box_shadow_horizontal=\u00bb0px\u00bb box_shadow_vertical=\u00bb7px\u00bb box_shadow_blur=\u00bb23px\u00bb box_shadow_color=\u00bbrgba(0,0,0,0.05)\u00bb _i=\u00bb0&#8243; _address=\u00bb2.0.3.0&#8243;][\/et_pb_number_counter][\/et_pb_column][et_pb_column type=\u00bb1_5&#8243; _builder_version=\u00bb3.25&#8243; custom_padding=\u00bb|||\u00bb custom_padding__hover=\u00bb|||\u00bb _i=\u00bb4&#8243; _address=\u00bb2.0.4&#8243;][et_pb_number_counter title=\u00bbTRABAJO CON ENTIDADES DE GOBIERNO (2019)\u00bb number=\u00bb3&#8243; percent_sign=\u00bboff\u00bb _builder_version=\u00bb3.29.3&#8243; title_font=\u00bbRoboto||||||||\u00bb title_text_color=\u00bb#666666&#8243; number_font=\u00bbRoboto|600|||||||\u00bb number_font_size=\u00bb48px\u00bb number_line_height=\u00bb100px\u00bb background_color=\u00bb#ffffff\u00bb custom_padding=\u00bb10px||30px|\u00bb animation_style=\u00bbslide\u00bb animation_direction=\u00bbright\u00bb animation_intensity_slide=\u00bb20%\u00bb animation_starting_opacity=\u00bb100%\u00bb border_radii=\u00bbon|3px|3px|3px|3px\u00bb border_width_left=\u00bb6px\u00bb border_color_left=\u00bb#6eb632&#8243; box_shadow_style=\u00bbpreset2&#8243; box_shadow_horizontal=\u00bb0px\u00bb box_shadow_vertical=\u00bb7px\u00bb box_shadow_blur=\u00bb23px\u00bb box_shadow_color=\u00bbrgba(0,0,0,0.05)\u00bb _i=\u00bb0&#8243; _address=\u00bb2.0.4.0&#8243;][\/et_pb_number_counter][\/et_pb_column][\/et_pb_row][et_pb_row _builder_version=\u00bb3.26.6&#8243; custom_margin=\u00bb|auto|4px|auto||\u00bb _i=\u00bb1&#8243; _address=\u00bb2.1&#8243;][et_pb_column type=\u00bb4_4&#8243; _builder_version=\u00bb3.26.6&#8243; _i=\u00bb0&#8243; _address=\u00bb2.1.0&#8243;][et_pb_gallery gallery_ids=\u00bb690,692,693,694&#8243; show_title_and_caption=\u00bboff\u00bb show_pagination=\u00bboff\u00bb _builder_version=\u00bb3.29.3&#8243; _i=\u00bb0&#8243; _address=\u00bb2.1.0.0&#8243;][\/et_pb_gallery][\/et_pb_column][\/et_pb_row][\/et_pb_section][et_pb_section fb_built=\u00bb1&#8243; admin_label=\u00bbFooter\u00bb _builder_version=\u00bb3.26.6&#8243; background_color=\u00bb#243061&#8243; custom_padding=\u00bb60px||60px||true|false\u00bb saved_tabs=\u00bball\u00bb fb_built=\u00bb1&#8243; _i=\u00bb3&#8243; _address=\u00bb3&#8243;][et_pb_row column_structure=\u00bb1_2,1_2&#8243; _builder_version=\u00bb3.26.6&#8243; background_color=\u00bb#243061&#8243; width=\u00bb100%\u00bb border_width_bottom=\u00bb20px\u00bb border_color_bottom=\u00bb#243061&#8243; _i=\u00bb0&#8243; _address=\u00bb3.0&#8243;][et_pb_column type=\u00bb1_2&#8243; _builder_version=\u00bb3.25&#8243; custom_padding=\u00bb|||\u00bb custom_padding__hover=\u00bb|||\u00bb _i=\u00bb0&#8243; _address=\u00bb3.0.0&#8243;][et_pb_image src=\u00bbhttps:\/\/sspas.org.sv\/sspas\/wp-content\/uploads\/2019\/08\/logo-sspas.png\u00bb _builder_version=\u00bb3.26.6&#8243; width=\u00bb65.9%\u00bb module_alignment=\u00bbleft\u00bb custom_margin=\u00bb|394px|15px|0px|false|false\u00bb custom_padding=\u00bb|||30px|false|false\u00bb always_center_on_mobile=\u00bboff\u00bb _i=\u00bb0&#8243; _address=\u00bb3.0.0.0&#8243;][\/et_pb_image][\/et_pb_column][et_pb_column type=\u00bb1_2&#8243; _builder_version=\u00bb3.25&#8243; custom_padding=\u00bb|||\u00bb custom_padding__hover=\u00bb|||\u00bb _i=\u00bb1&#8243; _address=\u00bb3.0.1&#8243;][et_pb_text _builder_version=\u00bb3.27.4&#8243; text_font=\u00bb|600|||||||\u00bb text_text_color=\u00bb#ffffff\u00bb text_font_size=\u00bb17px\u00bb header_font=\u00bb||||||||\u00bb header_4_font=\u00bbRaleway|700|||||||\u00bb header_4_font_size=\u00bb22px\u00bb header_4_line_height=\u00bb1.4em\u00bb text_orientation=\u00bbcenter\u00bb background_layout=\u00bbdark\u00bb width=\u00bb100%\u00bb max_width=\u00bb100%\u00bb min_height=\u00bb48px\u00bb custom_margin=\u00bb||18px||false|false\u00bb custom_padding=\u00bb||0px|||\u00bb border_width_bottom=\u00bb2px\u00bb border_color_bottom=\u00bb#ffffff\u00bb border_style_bottom=\u00bbdotted\u00bb text_text_align=\u00bbcenter\u00bb _i=\u00bb0&#8243; _address=\u00bb3.0.1.0&#8243;]<\/p>\n<p>Programa de Organizaci\u00f3n y Educaci\u00f3n para la Paz<\/p>\n<p>[\/et_pb_text][et_pb_text _builder_version=\u00bb3.27.4&#8243; text_font=\u00bb||||||||\u00bb text_text_color=\u00bb#bbbbbb\u00bb text_line_height=\u00bb1.2em\u00bb text_orientation=\u00bbcenter\u00bb background_layout=\u00bbdark\u00bb header_line_height_last_edited=\u00bbon|desktop\u00bb _i=\u00bb1&#8243; _address=\u00bb3.0.1.1&#8243;]<\/p>\n<p>Colonia Delicias del Norte, Pasaje Cantizano #4-A, Mejicanos, San Salvador.\u00a0<\/p>\n<p>Tel: 2511-9300\u00a0 \u00a0Fax: 2511-9303\u00a0<\/p>\n<p>[\/et_pb_text][\/et_pb_column][\/et_pb_row][\/et_pb_section]<\/p>\n","protected":false},"excerpt":{"rendered":"<p>PROGRAMA organizaci\u00f3n y educaci\u00f3n para la paz &nbsp; &nbsp;ORGANIZACI\u00d3N Y EDUCACI\u00d3N PARA LA PAZ (OEP)\u00a0El Programa de Organizaci\u00f3n y Educaci\u00f3n para la Paz (OEP), es el responsable de desarrollar la estrategia de SSPAS a nivel territorial, a trav\u00e9s del acompa\u00f1amiento a estructuras comunitarias de ni\u00f1as, ni\u00f1os, adolescentes, j\u00f3venes y mujeres j\u00f3venes, aplicando los enfoques que [&hellip;]<\/p>\n","protected":false},"author":1,"featured_media":0,"parent":0,"menu_order":0,"comment_status":"closed","ping_status":"closed","template":"","meta":{"_et_pb_use_builder":"on","_et_pb_old_content":"","_et_gb_content_width":"","om_disable_all_campaigns":false,"_monsterinsights_skip_tracking":false,"_monsterinsights_sitenote_active":false,"_monsterinsights_sitenote_note":"","_monsterinsights_sitenote_category":0,"footnotes":""},"class_list":["post-48","page","type-page","status-publish","hentry"],"yoast_head":"<!-- This site is optimized with the Yoast SEO plugin v27.3 - https:\/\/yoast.com\/product\/yoast-seo-wordpress\/ -->\n<title>Organizaci\u00f3n y Educaci\u00f3n para la Paz (OEP) - SSPAS<\/title>\n<meta name=\"robots\" content=\"index, follow, max-snippet:-1, max-image-preview:large, max-video-preview:-1\" \/>\n<link rel=\"canonical\" href=\"https:\/\/sspas.org.sv\/sspas\/oep\/\" \/>\n<meta property=\"og:locale\" content=\"es_ES\" \/>\n<meta property=\"og:type\" content=\"article\" \/>\n<meta property=\"og:title\" content=\"Organizaci\u00f3n y Educaci\u00f3n para la Paz (OEP) - SSPAS\" \/>\n<meta property=\"og:description\" content=\"PROGRAMA organizaci\u00f3n y educaci\u00f3n para la paz &nbsp; &nbsp;ORGANIZACI\u00d3N Y EDUCACI\u00d3N PARA LA PAZ (OEP)\u00a0El Programa de Organizaci\u00f3n y Educaci\u00f3n para la Paz (OEP), es el responsable de desarrollar la estrategia de SSPAS a nivel territorial, a trav\u00e9s del acompa\u00f1amiento a estructuras comunitarias de ni\u00f1as, ni\u00f1os, adolescentes, j\u00f3venes y mujeres j\u00f3venes, aplicando los enfoques que [&hellip;]\" \/>\n<meta property=\"og:url\" content=\"https:\/\/sspas.org.sv\/sspas\/oep\/\" \/>\n<meta property=\"og:site_name\" content=\"SSPAS\" \/>\n<meta property=\"article:modified_time\" content=\"2019-11-15T21:40:04+00:00\" \/>\n<meta name=\"twitter:card\" content=\"summary_large_image\" \/>\n<meta name=\"twitter:label1\" content=\"Tiempo de lectura\" \/>\n\t<meta name=\"twitter:data1\" content=\"8 minutos\" \/>\n<script type=\"application\/ld+json\" class=\"yoast-schema-graph\">{\"@context\":\"https:\\\/\\\/schema.org\",\"@graph\":[{\"@type\":\"WebPage\",\"@id\":\"https:\\\/\\\/sspas.org.sv\\\/sspas\\\/oep\\\/\",\"url\":\"https:\\\/\\\/sspas.org.sv\\\/sspas\\\/oep\\\/\",\"name\":\"Organizaci\u00f3n y Educaci\u00f3n para la Paz (OEP) - SSPAS\",\"isPartOf\":{\"@id\":\"https:\\\/\\\/sspas.org.sv\\\/sspas\\\/#website\"},\"datePublished\":\"2019-07-25T16:10:51+00:00\",\"dateModified\":\"2019-11-15T21:40:04+00:00\",\"breadcrumb\":{\"@id\":\"https:\\\/\\\/sspas.org.sv\\\/sspas\\\/oep\\\/#breadcrumb\"},\"inLanguage\":\"es\",\"potentialAction\":[{\"@type\":\"ReadAction\",\"target\":[\"https:\\\/\\\/sspas.org.sv\\\/sspas\\\/oep\\\/\"]}]},{\"@type\":\"BreadcrumbList\",\"@id\":\"https:\\\/\\\/sspas.org.sv\\\/sspas\\\/oep\\\/#breadcrumb\",\"itemListElement\":[{\"@type\":\"ListItem\",\"position\":1,\"name\":\"Portada\",\"item\":\"https:\\\/\\\/sspas.org.sv\\\/sspas\\\/\"},{\"@type\":\"ListItem\",\"position\":2,\"name\":\"Organizaci\u00f3n y Educaci\u00f3n para la Paz (OEP)\"}]},{\"@type\":\"WebSite\",\"@id\":\"https:\\\/\\\/sspas.org.sv\\\/sspas\\\/#website\",\"url\":\"https:\\\/\\\/sspas.org.sv\\\/sspas\\\/\",\"name\":\"SSPAS\",\"description\":\"Servicio Social Pasionista\",\"potentialAction\":[{\"@type\":\"SearchAction\",\"target\":{\"@type\":\"EntryPoint\",\"urlTemplate\":\"https:\\\/\\\/sspas.org.sv\\\/sspas\\\/?s={search_term_string}\"},\"query-input\":{\"@type\":\"PropertyValueSpecification\",\"valueRequired\":true,\"valueName\":\"search_term_string\"}}],\"inLanguage\":\"es\"}]}<\/script>\n<!-- \/ Yoast SEO plugin. -->","yoast_head_json":{"title":"Organizaci\u00f3n y Educaci\u00f3n para la Paz (OEP) - SSPAS","robots":{"index":"index","follow":"follow","max-snippet":"max-snippet:-1","max-image-preview":"max-image-preview:large","max-video-preview":"max-video-preview:-1"},"canonical":"https:\/\/sspas.org.sv\/sspas\/oep\/","og_locale":"es_ES","og_type":"article","og_title":"Organizaci\u00f3n y Educaci\u00f3n para la Paz (OEP) - SSPAS","og_description":"PROGRAMA organizaci\u00f3n y educaci\u00f3n para la paz &nbsp; &nbsp;ORGANIZACI\u00d3N Y EDUCACI\u00d3N PARA LA PAZ (OEP)\u00a0El Programa de Organizaci\u00f3n y Educaci\u00f3n para la Paz (OEP), es el responsable de desarrollar la estrategia de SSPAS a nivel territorial, a trav\u00e9s del acompa\u00f1amiento a estructuras comunitarias de ni\u00f1as, ni\u00f1os, adolescentes, j\u00f3venes y mujeres j\u00f3venes, aplicando los enfoques que [&hellip;]","og_url":"https:\/\/sspas.org.sv\/sspas\/oep\/","og_site_name":"SSPAS","article_modified_time":"2019-11-15T21:40:04+00:00","twitter_card":"summary_large_image","twitter_misc":{"Tiempo de lectura":"8 minutos"},"schema":{"@context":"https:\/\/schema.org","@graph":[{"@type":"WebPage","@id":"https:\/\/sspas.org.sv\/sspas\/oep\/","url":"https:\/\/sspas.org.sv\/sspas\/oep\/","name":"Organizaci\u00f3n y Educaci\u00f3n para la Paz (OEP) - SSPAS","isPartOf":{"@id":"https:\/\/sspas.org.sv\/sspas\/#website"},"datePublished":"2019-07-25T16:10:51+00:00","dateModified":"2019-11-15T21:40:04+00:00","breadcrumb":{"@id":"https:\/\/sspas.org.sv\/sspas\/oep\/#breadcrumb"},"inLanguage":"es","potentialAction":[{"@type":"ReadAction","target":["https:\/\/sspas.org.sv\/sspas\/oep\/"]}]},{"@type":"BreadcrumbList","@id":"https:\/\/sspas.org.sv\/sspas\/oep\/#breadcrumb","itemListElement":[{"@type":"ListItem","position":1,"name":"Portada","item":"https:\/\/sspas.org.sv\/sspas\/"},{"@type":"ListItem","position":2,"name":"Organizaci\u00f3n y Educaci\u00f3n para la Paz (OEP)"}]},{"@type":"WebSite","@id":"https:\/\/sspas.org.sv\/sspas\/#website","url":"https:\/\/sspas.org.sv\/sspas\/","name":"SSPAS","description":"Servicio Social Pasionista","potentialAction":[{"@type":"SearchAction","target":{"@type":"EntryPoint","urlTemplate":"https:\/\/sspas.org.sv\/sspas\/?s={search_term_string}"},"query-input":{"@type":"PropertyValueSpecification","valueRequired":true,"valueName":"search_term_string"}}],"inLanguage":"es"}]}},"jetpack_sharing_enabled":true,"_links":{"self":[{"href":"https:\/\/sspas.org.sv\/sspas\/wp-json\/wp\/v2\/pages\/48","targetHints":{"allow":["GET"]}}],"collection":[{"href":"https:\/\/sspas.org.sv\/sspas\/wp-json\/wp\/v2\/pages"}],"about":[{"href":"https:\/\/sspas.org.sv\/sspas\/wp-json\/wp\/v2\/types\/page"}],"author":[{"embeddable":true,"href":"https:\/\/sspas.org.sv\/sspas\/wp-json\/wp\/v2\/users\/1"}],"replies":[{"embeddable":true,"href":"https:\/\/sspas.org.sv\/sspas\/wp-json\/wp\/v2\/comments?post=48"}],"version-history":[{"count":5,"href":"https:\/\/sspas.org.sv\/sspas\/wp-json\/wp\/v2\/pages\/48\/revisions"}],"predecessor-version":[{"id":1669,"href":"https:\/\/sspas.org.sv\/sspas\/wp-json\/wp\/v2\/pages\/48\/revisions\/1669"}],"wp:attachment":[{"href":"https:\/\/sspas.org.sv\/sspas\/wp-json\/wp\/v2\/media?parent=48"}],"curies":[{"name":"wp","href":"https:\/\/api.w.org\/{rel}","templated":true}]}}