{"id":341,"date":"2020-02-04T14:18:59","date_gmt":"2020-02-04T14:18:59","guid":{"rendered":"https:\/\/sspas.org.sv\/sspas\/en\/?page_id=341"},"modified":"2020-02-04T14:38:29","modified_gmt":"2020-02-04T14:38:29","slug":"conditions-of-use-politicas-de-uso","status":"publish","type":"page","link":"https:\/\/sspas.org.sv\/sspas\/en\/conditions-of-use-politicas-de-uso\/","title":{"rendered":"Conditions of use \/ Pol\u00edticas de uso"},"content":{"rendered":"<p>[et_pb_section fb_built=&#8221;1&#8243; _builder_version=&#8221;4.0.9&#8243;][et_pb_row _builder_version=&#8221;4.0.9&#8243; custom_padding=&#8221;||1px|||&#8221;][et_pb_column _builder_version=&#8221;4.0.9&#8243; type=&#8221;4_4&#8243;][et_pb_post_title _builder_version=&#8221;4.0.9&#8243; hover_enabled=&#8221;0&#8243; meta=&#8221;off&#8221; title_font=&#8221;Roboto||||||||&#8221; title_text_color=&#8221;#001360&#8243;][\/et_pb_post_title][et_pb_text _builder_version=&#8221;4.0.9&#8243; hover_enabled=&#8221;0&#8243;]<\/p>\n<p>POL\u00cdTICAS DE USO<\/p>\n<ol>\n<li>Generalidades<\/li>\n<\/ol>\n<p>El presente documento contiene los reglas aplicables al uso del sitio web www.sspas.org.sv que es propiedad de Corporaci\u00f3n de la Pasi\u00f3n y que en adelante nos referiremos como \u201cSSPAS\u201d.<\/p>\n<p>Cualquier persona natural o jur\u00eddica, que desee DONAR a SSPAS podr\u00e1 hacerlo previa inscripci\u00f3n como cliente del sistema. Adem\u00e1s, deber\u00e1 aceptar las Pol\u00edticas de Uso, Pol\u00edticas de Privacidad, las cuales tiene el car\u00e1cter de vinculante entre las partes.<\/p>\n<ol start=\"2\">\n<li>Capacidad para Contratar<\/li>\n<\/ol>\n<p>El uso del sitio web y los productos (servicios) ofrecidos por <u>SSPAS<\/u>, est\u00e1n disponibles para personas naturales o jur\u00eddicas que tengan capacidad legal de ejercicio para contratar, es decir, que sean susceptibles de ejercer derechos y adquirir obligaciones por s\u00ed mismas sin necesidad de autorizaci\u00f3n de otra. Por tanto, quedan imposibilitados para contratar los dementes y los menores de 18 a\u00f1os de edad, entre otras personas sin capacidad legal para contratar.<\/p>\n<p>En el caso de las personas jur\u00eddicas, quien contrate en nombre y representaci\u00f3n de estas, debe ser quien tenga la calidad leg\u00edtima y suficiente para hacerlo.<\/p>\n<ol start=\"3\">\n<li>Inscripci\u00f3n<\/li>\n<\/ol>\n<p>Para realizar una DONACI\u00d3N es necesario completar el formulario que contendr\u00e1 el monto, especificaciones, nombre y apellido de cliente, edad, fecha de nacimiento, direcci\u00f3n de env\u00edo, tel\u00e9fono, correo electr\u00f3nico entre otras especificaciones.<\/p>\n<p>4. Domicilio y Ley aplicable<\/p>\n<p>Este acuerdo estar\u00e1 regido por las leyes vigentes en la Rep\u00fablica de El Salvador. El usuario renuncia a su domicilio y para efectos de este contrato designa como domicilio especial la ciudad de San Salvador\u00a0 y se somete a la jurisdicci\u00f3n y leyes de la Rep\u00fablica de El Salvador.\u00a0Puede contactarnos al tel\u00e9fono (503) 2511-9300 y al correo electr\u00f3nico comunicaciones.sspas@gmail.com<\/p>\n<p>POL\u00cdTICAS DE PRIVACIDAD<\/p>\n<p>Para donar a\u00a0<u>SSPAS<\/u>, los clientes deber\u00e1n facilitar determinados datos de car\u00e1cter personal. Su informaci\u00f3n personal se procesa y almacena en servidores o medios magn\u00e9ticos que mantienen altos est\u00e1ndares de seguridad y protecci\u00f3n tanto f\u00edsica como tecnol\u00f3gica.<\/p>\n<p><u>SSPAS\u00a0<\/u>tomar\u00e1 las medidas que est\u00e9n a su alcance para resguardar la privacidad de la informaci\u00f3n de los clientes. Por lo tanto, no compartir\u00e1 la informaci\u00f3n personal sea a manera onerosa o gratuita, a excepci\u00f3n de las maneras establecidas en el presente documento. En caso que terceras personas logren acceder a alguna informaci\u00f3n de manera ileg\u00edtima, <u>SSPAS\u00a0<\/u>no se hace responsable por el uso de la informaci\u00f3n.<\/p>\n<p><u>SSPAS<\/u> cooperar\u00e1 con las autoridades judiciales o administrativas para garantizar el fiel cumplimiento a la ley y con el prop\u00f3sito de salvaguardar la integridad y la seguridad de la sociedad y la de sus donantes. Por lo tanto, esta podr\u00e1 proporcionar informaci\u00f3n personal de sus usuarios a petici\u00f3n de cualquier autoridad para efectos de sus investigaciones en casos como: protecci\u00f3n de derechos de propiedad industrial e intelectual, prevenci\u00f3n del fraude y otras materias, y por su parte, el usuario autoriza a <u>SSPAS<\/u>\u00a0para que brinde la informaci\u00f3n que a su discreci\u00f3n estime pertinentes para el fiel cumplimiento de la ley.<\/p>\n<p><u>SSPAS<\/u>\u00a0seg\u00fan su discreci\u00f3n y cuando lo considere necesario por considerar que la actividad de un donante es sospechosa o hayan indicios de que intente cometer un delito o perjudicar a una persona, podr\u00e1 proporcionar informaci\u00f3n personal de un usuario a otros usuarios o a terceros para hacer cumplir los las pol\u00edticas y con la finalidad de cooperar con la ejecuci\u00f3n y cumplimiento de la ley. Esta facultad ser\u00e1 ejercida por <u>SSPAS<\/u> independientemente que exista o no una orden judicial o administrativa al efecto.<\/p>\n<p>[\/et_pb_text][\/et_pb_column][\/et_pb_row][\/et_pb_section]<\/p>\n","protected":false},"excerpt":{"rendered":"<p>POL\u00cdTICAS DE USO Generalidades El presente documento contiene los reglas aplicables al uso del sitio web www.sspas.org.sv que es propiedad de Corporaci\u00f3n de la Pasi\u00f3n y que en adelante nos referiremos como \u201cSSPAS\u201d. Cualquier persona natural o jur\u00eddica, que desee DONAR a SSPAS podr\u00e1 hacerlo previa inscripci\u00f3n como cliente del sistema. Adem\u00e1s, deber\u00e1 aceptar las [&hellip;]<\/p>\n","protected":false},"author":1,"featured_media":0,"parent":0,"menu_order":0,"comment_status":"closed","ping_status":"closed","template":"","meta":{"_et_pb_use_builder":"on","_et_pb_old_content":"","_et_gb_content_width":"","footnotes":""},"class_list":["post-341","page","type-page","status-publish","hentry"],"jetpack_sharing_enabled":true,"_links":{"self":[{"href":"https:\/\/sspas.org.sv\/sspas\/en\/wp-json\/wp\/v2\/pages\/341","targetHints":{"allow":["GET"]}}],"collection":[{"href":"https:\/\/sspas.org.sv\/sspas\/en\/wp-json\/wp\/v2\/pages"}],"about":[{"href":"https:\/\/sspas.org.sv\/sspas\/en\/wp-json\/wp\/v2\/types\/page"}],"author":[{"embeddable":true,"href":"https:\/\/sspas.org.sv\/sspas\/en\/wp-json\/wp\/v2\/users\/1"}],"replies":[{"embeddable":true,"href":"https:\/\/sspas.org.sv\/sspas\/en\/wp-json\/wp\/v2\/comments?post=341"}],"version-history":[{"count":2,"href":"https:\/\/sspas.org.sv\/sspas\/en\/wp-json\/wp\/v2\/pages\/341\/revisions"}],"predecessor-version":[{"id":344,"href":"https:\/\/sspas.org.sv\/sspas\/en\/wp-json\/wp\/v2\/pages\/341\/revisions\/344"}],"wp:attachment":[{"href":"https:\/\/sspas.org.sv\/sspas\/en\/wp-json\/wp\/v2\/media?parent=341"}],"curies":[{"name":"wp","href":"https:\/\/api.w.org\/{rel}","templated":true}]}}